{"id":234,"date":"2022-12-13T08:55:12","date_gmt":"2022-12-13T07:55:12","guid":{"rendered":"http:\/\/download.11.vobs.at\/?page_id=234"},"modified":"2026-03-13T10:05:38","modified_gmt":"2026-03-13T09:05:38","slug":"vobs-downloadangebot","status":"publish","type":"page","link":"https:\/\/download.vobs.at\/","title":{"rendered":"VOBS &#8211; Downloadangebot"},"content":{"rendered":"\n<p><strong>Willkommen auf der Downloadseite des Vorarlberger Bildungsservice!<\/strong>\u00a0Hier findest du Download-Angebote, die dir in deiner Arbeit als IT-BetreuerIn eine Hilfe sein sollen. Die Inhalte stehen grunds\u00e4tzlich Vorarlberger Schulen zur Verf\u00fcgung. Wenn du Zugang zum Angebot haben m\u00f6chtest,\u00a0<a href=\"https:\/\/download.vobs.at\/?page_id=339\">registriere<\/a>\u00a0dich per\u00a0<a href=\"https:\/\/download.vobs.at\/?page_id=339\">Formular<\/a>.<\/p>\n\n\n\n<p><strong>S\u00e4mtliche Anleitungen und Dokumentationen sind auf <a href=\"https:\/\/docs.vobs.at\/\">https:\/\/docs.vobs.at\/<\/a> abrufbar.<\/strong> Ein Login ist mit demselben User wie hier im Downloadbereich m\u00f6glich!<\/p>\n\n\n\n<p>Bei Fragen und Anregungen wende dich an <a href=\"mailto:d&#111;wnl&#111;a&#100;&#64;&#118;&#111;b&#115;&#46;a&#116;\">&#100;ow&#110;loa&#100;&#64;v&#111;bs&#46;&#97;&#116;<\/a>. Im <a href=\"https:\/\/digiforum.vobs.at\/\" target=\"_blank\" rel=\"noreferrer noopener\">Digiforum <\/a>finden sich immer wieder hilfreiche Tipps und du kannst dort gerne auch den einen oder anderen wertvollen Beitrag posten. <br>Einige Anleitungen sind inzwischen auch als <a href=\"https:\/\/screencast.vobs.at\/\" data-type=\"link\" data-id=\"https:\/\/screencast.vobs.at\/\" target=\"_blank\" rel=\"noreferrer noopener\">Screencast<\/a> verf\u00fcgbar.<\/p>\n\n\n\n<figure class=\"wp-block-image size-full is-resized\"><img decoding=\"async\" src=\"https:\/\/download.vobs.at\/wp-content\/uploads\/2026\/03\/vobs-download-c.svg\" alt=\"\" class=\"wp-image-3660\" style=\"aspect-ratio:5.320033250207814;width:246px;height:auto\"\/><\/figure>\n\n\n\n<p>Vorarlberger Bildungsservice<br>R\u00f6merstra\u00dfe 14<br>6900 Bregenz<\/p>\n\n\n\n<p><a rel=\"noreferrer noopener\" href=\"https:\/\/www.vobs.at\" target=\"_blank\">www.vobs.at<\/a><\/p>\n","protected":false},"excerpt":{"rendered":"<p>Willkommen auf der Downloadseite des Vorarlberger Bildungsservice!\u00a0Hier findest du Download-Angebote, die dir in deiner Arbeit als IT-BetreuerIn eine Hilfe sein sollen. Die Inhalte stehen grunds\u00e4tzlich Vorarlberger Schulen zur Verf\u00fcgung. Wenn du Zugang zum Angebot haben m\u00f6chtest,\u00a0registriere\u00a0dich per\u00a0Formular. S\u00e4mtliche Anleitungen und Dokumentationen sind auf https:\/\/docs.vobs.at\/ abrufbar. Ein Login ist mit demselben User wie hier im Downloadbereich [&hellip;]<\/p>\n","protected":false},"author":2,"featured_media":0,"parent":0,"menu_order":0,"comment_status":"closed","ping_status":"closed","template":"","meta":{"footnotes":""},"class_list":["post-234","page","type-page","status-publish","hentry"],"_links":{"self":[{"href":"https:\/\/download.vobs.at\/index.php?rest_route=\/wp\/v2\/pages\/234","targetHints":{"allow":["GET"]}}],"collection":[{"href":"https:\/\/download.vobs.at\/index.php?rest_route=\/wp\/v2\/pages"}],"about":[{"href":"https:\/\/download.vobs.at\/index.php?rest_route=\/wp\/v2\/types\/page"}],"author":[{"embeddable":true,"href":"https:\/\/download.vobs.at\/index.php?rest_route=\/wp\/v2\/users\/2"}],"replies":[{"embeddable":true,"href":"https:\/\/download.vobs.at\/index.php?rest_route=%2Fwp%2Fv2%2Fcomments&post=234"}],"version-history":[{"count":40,"href":"https:\/\/download.vobs.at\/index.php?rest_route=\/wp\/v2\/pages\/234\/revisions"}],"predecessor-version":[{"id":3694,"href":"https:\/\/download.vobs.at\/index.php?rest_route=\/wp\/v2\/pages\/234\/revisions\/3694"}],"wp:attachment":[{"href":"https:\/\/download.vobs.at\/index.php?rest_route=%2Fwp%2Fv2%2Fmedia&parent=234"}],"curies":[{"name":"wp","href":"https:\/\/api.w.org\/{rel}","templated":true}]}}