{"id":3120,"date":"2025-03-03T14:39:46","date_gmt":"2025-03-03T13:39:46","guid":{"rendered":"https:\/\/download.vobs.at\/?page_id=3120"},"modified":"2025-05-05T16:49:21","modified_gmt":"2025-05-05T14:49:21","slug":"intuneskripte","status":"publish","type":"page","link":"https:\/\/download.vobs.at\/?page_id=3120","title":{"rendered":"Intune Skripte und Tools"},"content":{"rendered":"<div class=\"rsc_message\">Du besitzt nicht die Berechtigung, diesen Inhalt anzuzeigen.\r\nLogge dich \u00fcber <a href=\"http:\/\/download.vobs.at\/?page_id=181\"><strong>Anmelden<\/strong><\/a> ein oder\r\n<a href=\"http:\/\/download.vobs.at\/?page_id=339\"><strong>Registriere<\/strong><\/a> dich f\u00fcr den Downloadbereich des VOBS \u00fcber das entsprechende <a href=\"http:\/\/download.vobs.at\/?page_id=339\">Formular<\/a>.<\/div>","protected":false},"excerpt":{"rendered":"<p>Du besitzt nicht die Berechtigung, diesen Inhalt anzuzeigen. Logge dich \u00fcber Anmelden ein oder Registriere dich f\u00fcr den Downloadbereich des VOBS \u00fcber das entsprechende Formular.<\/p>\n","protected":false},"author":2,"featured_media":0,"parent":0,"menu_order":0,"comment_status":"closed","ping_status":"closed","template":"","meta":{"footnotes":""},"class_list":["post-3120","page","type-page","status-publish","hentry"],"_links":{"self":[{"href":"https:\/\/download.vobs.at\/index.php?rest_route=\/wp\/v2\/pages\/3120","targetHints":{"allow":["GET"]}}],"collection":[{"href":"https:\/\/download.vobs.at\/index.php?rest_route=\/wp\/v2\/pages"}],"about":[{"href":"https:\/\/download.vobs.at\/index.php?rest_route=\/wp\/v2\/types\/page"}],"author":[{"embeddable":true,"href":"https:\/\/download.vobs.at\/index.php?rest_route=\/wp\/v2\/users\/2"}],"replies":[{"embeddable":true,"href":"https:\/\/download.vobs.at\/index.php?rest_route=%2Fwp%2Fv2%2Fcomments&post=3120"}],"version-history":[{"count":13,"href":"https:\/\/download.vobs.at\/index.php?rest_route=\/wp\/v2\/pages\/3120\/revisions"}],"predecessor-version":[{"id":3204,"href":"https:\/\/download.vobs.at\/index.php?rest_route=\/wp\/v2\/pages\/3120\/revisions\/3204"}],"wp:attachment":[{"href":"https:\/\/download.vobs.at\/index.php?rest_route=%2Fwp%2Fv2%2Fmedia&parent=3120"}],"curies":[{"name":"wp","href":"https:\/\/api.w.org\/{rel}","templated":true}]}}