{"id":339,"date":"2022-12-13T15:37:30","date_gmt":"2022-12-13T14:37:30","guid":{"rendered":"http:\/\/download.11.vobs.at\/?page_id=339"},"modified":"2023-01-16T08:08:58","modified_gmt":"2023-01-16T07:08:58","slug":"registrieren","status":"publish","type":"page","link":"https:\/\/download.vobs.at\/?page_id=339","title":{"rendered":"Registrieren"},"content":{"rendered":"\n<p>Nach erfolgreicher Registrierung und Best\u00e4tigung durch den Administrator erhalten sie ein Best\u00e4tigungsmail und k\u00f6nnen sich <a href=\"http:\/\/download.11.vobs.at\/?page_id=181\">anmelden<\/a>.<\/p>\n\n\n\t<div class='user-registration ur-frontend-form  ur-frontend-form--bordered ' id='user-registration-form-320'>\n\t\t\t\t\t\t\t\t<form method='post' class='register' data-form-id=\"320\"\n\t\t\t\tdata-enable-strength-password=\"1\" data-minimum-password-strength=\"1\"\n\t\t\t\t\t\t\t\t\t\t\t\t\t\t\t data-captcha-enabled=\"1\">\n\n\t\t\t\t<div class=\"ur-form-row\" data-row-id=\"0\">\t\t\t\t\t\t\t<div class=\"ur-form-grid ur-grid-1\"\n\t\t\t\t\t\t\t\tstyle=\"width:48%\">\n\t\t\t\t\t\t\t\t\t\t\t\t\t\t\t\t<div  data-field-id=\"name\" class=\"ur-field-item field-text \" data-ref-id=\"name\" data-field-pattern-enabled=\"0\" data-field-pattern-value=\" \" data-field-pattern-message=\" \">\n\t\t\t\t\t\t\t\t\t\t<div class=\"form-row validate-required\" id=\"name_field\" data-priority=\"\" ><label for=\"name\" class=\"ur-label\">Vollst\u00e4ndiger Name <abbr class=\"required\" title=\"required\">*<\/abbr><\/label> <span class=\"input-wrapper\"> <input  data-rules=\"\" data-id=\"name\" type=\"text\" class=\"input-text   input-text ur-frontend-field  \" name=\"name\" id=\"name\" placeholder=\"\"  value=\"\" required=\"required\" data-label=\"Vollst\u00e4ndiger Name\" maxlength=\"50\" \/> <\/span> <\/div>\t\t\t\t\t\t\t\t\t<\/div>\n\t\t\t\t\t\t\t\t\t\t\t\t\t\t\t\t\t\t<div  data-field-id=\"user_login\" class=\"ur-field-item field-user_login \" data-ref-id=\"user_login\" data-field-pattern-enabled=\"0\" data-field-pattern-value=\" \" data-field-pattern-message=\" \">\n\t\t\t\t\t\t\t\t\t\t<div class=\"form-row validate-required\" id=\"user_login_field\" data-priority=\"\" ><label for=\"user_login\" class=\"ur-label\">Benutzername <abbr class=\"required\" title=\"required\">*<\/abbr><\/label> <span class=\"input-wrapper\"> <input  data-rules=\"\" data-id=\"user_login\" type=\"text\" class=\"input-text   input-text ur-frontend-field  \" name=\"user_login\" id=\"user_login\" placeholder=\"\"  value=\"\" required=\"required\" data-label=\"Benutzername\" data-username-character=\"1\"\/> <\/span> <\/div>\t\t\t\t\t\t\t\t\t<\/div>\n\t\t\t\t\t\t\t\t\t\t\t\t\t\t\t\t\t\t<div  data-field-id=\"schule\" class=\"ur-field-item field-text \" data-ref-id=\"schule\" data-field-pattern-enabled=\"0\" data-field-pattern-value=\" \" data-field-pattern-message=\" \">\n\t\t\t\t\t\t\t\t\t\t<div class=\"form-row validate-required\" id=\"schule_field\" data-priority=\"\" ><label for=\"schule\" class=\"ur-label\">Schule <abbr class=\"required\" title=\"required\">*<\/abbr><\/label> <span class=\"input-wrapper\"> <input  data-rules=\"\" data-id=\"schule\" type=\"text\" class=\"input-text   input-text ur-frontend-field  \" name=\"schule\" id=\"schule\" placeholder=\"\"  value=\"\" required=\"required\" data-label=\"Schule\" maxlength=\"50\" \/> <\/span> <\/div>\t\t\t\t\t\t\t\t\t<\/div>\n\t\t\t\t\t\t\t\t\t\t\t\t\t\t\t\t<\/div>\n\t\t\t\t\t\t\t\t\t\t\t\t\t\t<div class=\"ur-form-grid ur-grid-2\"\n\t\t\t\t\t\t\t\tstyle=\"width:48%\">\n\t\t\t\t\t\t\t\t\t\t\t\t\t\t\t\t<div  data-field-id=\"user_email\" class=\"ur-field-item field-user_email \" data-ref-id=\"user_email\" data-field-pattern-enabled=\"0\" data-field-pattern-value=\" \" data-field-pattern-message=\" \">\n\t\t\t\t\t\t\t\t\t\t<div class=\"form-row validate-required\" id=\"user_email_field\" data-priority=\"\" ><label for=\"user_email\" class=\"ur-label\">Email <abbr class=\"required\" title=\"required\">*<\/abbr><\/label> <span class=\"input-wrapper\"> <input  data-rules=\"\" data-id=\"user_email\" type=\"email\" class=\"input-text   input-email ur-frontend-field  \" name=\"user_email\" id=\"user_email\" placeholder=\"\"  value=\"\" required=\"required\" data-label=\"Email\" \/> <\/span> <\/div>\t\t\t\t\t\t\t\t\t<\/div>\n\t\t\t\t\t\t\t\t\t\t\t\t\t\t\t\t\t\t<div  data-field-id=\"user_pass\" class=\"ur-field-item field-user_pass \" data-ref-id=\"user_pass\" data-field-pattern-enabled=\"0\" data-field-pattern-value=\" \" data-field-pattern-message=\" \">\n\t\t\t\t\t\t\t\t\t\t<div class=\"form-row validate-required hide_show_password\" id=\"user_pass_field\" data-priority=\"\"><label for=\"user_pass\" class=\"ur-label\">Passwort <abbr class=\"required\" title=\"required\">*<\/abbr><\/label> <span class=\"input-wrapper\"> <span class=\"password-input-group input-form-field-icons\"><input data-rules=\"\" data-id=\"user_pass\" type=\"password\" class=\"input-text  input-password ur-frontend-field  \" name=\"user_pass\" id=\"user_pass\" placeholder=\"\"  value=\"\" required=\"required\" data-label=\"Passwort\" \/><a href=\"javaScript:void(0)\" class=\"password_preview dashicons dashicons-hidden\" title=\" Show password \"><\/a><\/span> <\/span> <\/div>\t\t\t\t\t\t\t\t\t<\/div>\n\t\t\t\t\t\t\t\t\t\t\t\t\t\t\t\t\t\t<div  data-field-id=\"user_confirm_password\" class=\"ur-field-item field-user_confirm_password \" data-ref-id=\"user_confirm_password\" data-field-pattern-enabled=\"0\" data-field-pattern-value=\" \" data-field-pattern-message=\" \">\n\t\t\t\t\t\t\t\t\t\t<div class=\"form-row validate-required hide_show_password\" id=\"user_confirm_password_field\" data-priority=\"\"><label for=\"user_confirm_password\" class=\"ur-label\">Passwort best\u00e4tigen <abbr class=\"required\" title=\"required\">*<\/abbr><\/label> <span class=\"input-wrapper\"> <span class=\"password-input-group input-form-field-icons\"><input data-rules=\"\" data-id=\"user_confirm_password\" type=\"password\" class=\"input-text  input-password ur-frontend-field  \" name=\"user_confirm_password\" id=\"user_confirm_password\" placeholder=\"\"  value=\"\" required=\"required\" data-label=\"Passwort best\u00e4tigen\" \/><a href=\"javaScript:void(0)\" class=\"password_preview dashicons dashicons-hidden\" title=\" Show password \"><\/a><\/span> <\/span> <\/div>\t\t\t\t\t\t\t\t\t<\/div>\n\t\t\t\t\t\t\t\t\t\t\t\t\t\t\t\t<\/div>\n\t\t\t\t\t\t\t\t\t\t\t\t\t<\/div>\n\t\t\t\t\t\t<div class=\"ur-form-row\" data-row-id=\"1\">\t\t\t\t\t\t\t<div class=\"ur-form-grid ur-grid-1\"\n\t\t\t\t\t\t\t\tstyle=\"width:48%\">\n\t\t\t\t\t\t\t\t\t\t\t\t\t\t\t\t<div  data-field-id=\"grundchoice\" class=\"ur-field-item field-radio \" data-ref-id=\"grundchoice\" data-field-pattern-enabled=\"0\" data-field-pattern-value=\" \" data-field-pattern-message=\" \">\n\t\t\t\t\t\t\t\t\t\t<div class=\"form-row validate-required\" id=\"grundchoice_field\" data-priority=\"\" ><label for=\"Ich bin IT-BetreuerIn\" class=\"ur-label\">Zugang wegen&#8230; <abbr class=\"required\" title=\"required\">*<\/abbr><\/label><ul><li class=\"ur-radio-list\"><input data-rules=\"\" data-id=\"grundchoice\" type=\"radio\" class=\"input-radio ur-frontend-field  \" value=\"Ich bin IT-BetreuerIn\" name=\"grundchoice\" id=\"grundchoice_Ich bin IT-BetreuerIn\" required=\"required\" data-label=\"Zugang wegen...\"  \/> <label for=\"grundchoice_Ich bin IT-BetreuerIn\" class=\"radio\">Ich bin IT-BetreuerIn<\/label><\/li><li class=\"ur-radio-list\"><input data-rules=\"\" data-id=\"grundchoice\" type=\"radio\" class=\"input-radio ur-frontend-field  \" value=\"Zugang f\u00fcr Schulschriftendownload\" name=\"grundchoice\" id=\"grundchoice_Zugang f\u00fcr Schulschriftendownload\" required=\"required\" data-label=\"Zugang wegen...\"  \/> <label for=\"grundchoice_Zugang f\u00fcr Schulschriftendownload\" class=\"radio\">Zugang f\u00fcr Schulschriftendownload<\/label><\/li><li class=\"ur-radio-list\"><input data-rules=\"\" data-id=\"grundchoice\" type=\"radio\" class=\"input-radio ur-frontend-field  \" value=\"Sonstiges (Kommentar anf\u00fcgen)\" name=\"grundchoice\" id=\"grundchoice_Sonstiges (Kommentar anf\u00fcgen)\" required=\"required\" data-label=\"Zugang wegen...\"  \/> <label for=\"grundchoice_Sonstiges (Kommentar anf\u00fcgen)\" class=\"radio\">Sonstiges (Kommentar anf\u00fcgen)<\/label><\/li><\/ul><\/div>\t\t\t\t\t\t\t\t\t<\/div>\n\t\t\t\t\t\t\t\t\t\t\t\t\t\t\t\t<\/div>\n\t\t\t\t\t\t\t\t\t\t\t\t\t\t<div class=\"ur-form-grid ur-grid-2\"\n\t\t\t\t\t\t\t\tstyle=\"width:48%\">\n\t\t\t\t\t\t\t\t\t\t\t\t\t\t\t\t<div  data-field-id=\"comment\" class=\"ur-field-item field-textarea \" data-ref-id=\"comment\" data-field-pattern-enabled=\"0\" data-field-pattern-value=\" \" data-field-pattern-message=\" \">\n\t\t\t\t\t\t\t\t\t\t<div class=\"form-row \" id=\"comment_field\" data-priority=\"\" ><label for=\"comment\" class=\"ur-label\">Kommentar<\/label><textarea style=\"margin-bottom:0px;\" data-rules=\"\" data-id=\"comment\" name=\"comment\" class=\"input-text ur-frontend-field  \" id=\"comment\" placeholder=\"\"  rows=\"2\" cols=\"5\"data-label=\"Kommentar\"><\/textarea><div style=\"text-align: right; font-size:14px; color:#737373; margin-top:0px;\"> <div class=\"ur-input-count\" data-count-type=\"characters\" style=\"display: inline-block; margin-right: 1px;\">0<\/div>&nbsp;<div style=\"display: inline-block;\"> characters<\/div><\/div><\/div>\t\t\t\t\t\t\t\t\t<\/div>\n\t\t\t\t\t\t\t\t\t\t\t\t\t\t\t\t<\/div>\n\t\t\t\t\t\t\t\t\t\t\t\t\t<\/div>\n\t\t\t\t\t\t\t\t\t\t\t\t<div id=\"ur-recaptcha-node\"> <div id=\"node_recaptcha_register\" class=\"g-recaptcha-v3\" style=\"display:none\"><textarea id=\"g-recaptcha-response\" name=\"g-recaptcha-response\" ><\/textarea><\/div><\/div>\t\t\t\t\t\t<div class=\"ur-button-container \" >\n\t\t\t\t\t\t\t\t\t\t\t\t\t\t<button type=\"submit\" class=\"btn button ur-submit-button \"  conditional_rules=\"&quot;&quot;\">\n\t\t\t\t\t\t\t\t<span><\/span>\n\t\t\t\t\t\t\t\tRegistrieren\t\t\t\t\t\t\t<\/button>\n\t\t\t\t\t\t\t\t\t\t\t\t\t\t\t\t\t\t\t\t<\/div>\n\t\t\t\t\t\t\n\t\t\t\t<div style=\"clear:both\"><\/div>\n\t\t\t\t\t\t\t\t<input type=\"hidden\" name=\"ur-registration-language\" value=\"de-AT\"\/>\n\t\t\t\t<input type=\"hidden\" name=\"ur-user-form-id\" value=\"320\"\/>\n\t\t\t\t<input type=\"hidden\" name=\"ur-redirect-url\" value=\"http:\/\/download.vobs.at\"\/>\n\t\t\t\t<input type=\"hidden\" id=\"ur_frontend_form_nonce\" name=\"ur_frontend_form_nonce\" value=\"706044025e\" \/>\n\t\t\t\t\n\t\t\t<\/form>\n\t\t\t\n\t\t<div style=\"clear:both\"><\/div>\n\t<\/div>\n\n","protected":false},"excerpt":{"rendered":"<p>Nach erfolgreicher Registrierung und Best\u00e4tigung durch den Administrator erhalten sie ein Best\u00e4tigungsmail und k\u00f6nnen sich anmelden.<\/p>\n","protected":false},"author":2,"featured_media":0,"parent":0,"menu_order":0,"comment_status":"closed","ping_status":"closed","template":"","meta":{"footnotes":""},"class_list":["post-339","page","type-page","status-publish","hentry"],"_links":{"self":[{"href":"https:\/\/download.vobs.at\/index.php?rest_route=\/wp\/v2\/pages\/339","targetHints":{"allow":["GET"]}}],"collection":[{"href":"https:\/\/download.vobs.at\/index.php?rest_route=\/wp\/v2\/pages"}],"about":[{"href":"https:\/\/download.vobs.at\/index.php?rest_route=\/wp\/v2\/types\/page"}],"author":[{"embeddable":true,"href":"https:\/\/download.vobs.at\/index.php?rest_route=\/wp\/v2\/users\/2"}],"replies":[{"embeddable":true,"href":"https:\/\/download.vobs.at\/index.php?rest_route=%2Fwp%2Fv2%2Fcomments&post=339"}],"version-history":[{"count":6,"href":"https:\/\/download.vobs.at\/index.php?rest_route=\/wp\/v2\/pages\/339\/revisions"}],"predecessor-version":[{"id":555,"href":"https:\/\/download.vobs.at\/index.php?rest_route=\/wp\/v2\/pages\/339\/revisions\/555"}],"wp:attachment":[{"href":"https:\/\/download.vobs.at\/index.php?rest_route=%2Fwp%2Fv2%2Fmedia&parent=339"}],"curies":[{"name":"wp","href":"https:\/\/api.w.org\/{rel}","templated":true}]}}