{"id":504,"date":"2023-01-10T15:05:32","date_gmt":"2023-01-10T14:05:32","guid":{"rendered":"http:\/\/download.11.vobs.at\/?page_id=504"},"modified":"2024-03-06T10:38:47","modified_gmt":"2024-03-06T09:38:47","slug":"impressum","status":"publish","type":"page","link":"https:\/\/download.vobs.at\/?page_id=504","title":{"rendered":"Impressum"},"content":{"rendered":"\n<p><strong>VOBS Vorarlberger Bildungsservice<\/strong><\/p>\n\n\n\n<p><strong>Bildungsdirektion f\u00fcr Vorarlberg<\/strong><br>Abteilung Pr\u00e4s\/1 \u2013 Referat IKT Management<br>R\u00f6merstra\u00dfe 14<br>A &#8211; 6900 Bregenz<br><br>Web-Adresse:\u00a0<a href=\"https:\/\/download.vobs.at\">https:\/\/download.vobs.at<\/a><\/p>\n\n\n\n<p><strong>Webmaster<\/strong>\u00a0<br>Kuno Sandholzer<br>E-Mail:\u00a0<a href=\"mailto:&#119;&#101;b&#109;a&#115;&#116;e&#114;&#64;&#118;o&#98;s&#46;a&#116;\">w&#101;b&#109;&#97;s&#116;&#101;&#114;&#64;vobs.&#97;&#116;<\/a><br><strong>Layout,\u00a0Programmierung, Content<\/strong><br>Lukas Franz (Gesamtleitung, Layout, IT-Support, Content)<br>Kuno Sandholzer (Layout, Datenbank-Programmierung, Server-Wartung)<br><br><strong>Mit freundlicher Unterst\u00fctzung von<\/strong>:<br><em>Server Housing<\/em><br>VTG &#8211; Vorarlberger Informatik- und Telekommunikationsdienstleistungsgesellschaft mbH<br>A-6900 Bregenz Weidachstra\u00dfe 6<br><a href=\"https:\/\/www.vtg.at\/\" target=\"_blank\" rel=\"noreferrer noopener\">https:\/\/www.vtg.at<\/a>\u00a0<br><em>Logo\u00a0\u00a0<\/em><br>Flack &amp; Oberhauser OEG<br>Mediengestaltung<br>B\u00fcrglegasse 35<br>A-6850 Dornbirn<br><a href=\"https:\/\/www.flack-oberhauser.at\/\" target=\"_blank\" rel=\"noreferrer noopener\">https:\/\/www.flack-oberhauser.at\/<\/a><\/p>\n\n\n\n<p><strong>Gendering<\/strong><br>Die Ber\u00fccksichtigung der Rechte von Frauen und M\u00e4nnern ist uns wichtig und soll sich im Stil dieser Webseite spiegeln. Das Redaktionsteam bem\u00fcht sich daher um die sprachliche Gleichbehandlung von Personenbezeichnungen. Wird in einigen Passagen dennoch nur die weibliche oder m\u00e4nnliche Form verwendet, so dient dies einer gr\u00f6\u00dferen Verst\u00e4ndlichkeit des Textes und soll keinesfalls M\u00e4nner gegen\u00fcber Frauen oder Frauen gegen\u00fcber M\u00e4nnern diskriminieren, sondern f\u00fcr beide Geschlechter gleicherma\u00dfen gelten.<\/p>\n\n\n\n<p><strong>Haftung<\/strong><br>Unser Angebot wird nach bestem Wissen auf dem aktuellen Stand gehalten. Bei amtlichen Texten gilt im Zweifelsfall die im Gesetz ver\u00f6ffentlichte Fassung.<\/p>\n\n\n\n<p>Es kann keine Gew\u00e4hr f\u00fcr die Vollst\u00e4ndigkeit und Richtigkeit von Informationen \u00fcbernommen werden, die \u00fcber weiterf\u00fchrende Links erreicht werden. F\u00fcr Inhalte, die \u00fcber Links von unseren Seiten aus erreichbar sind, liegt die Verantwortung beim jeweiligen Anbieter.<\/p>\n\n\n\n<p>Dieser Server enth\u00e4lt Links zu Seiten au\u00dferhalb dieses Servers im Internet. F\u00fcr alle Links auf diesen Seiten gilt:<\/p>\n\n\n\n<p>Wir stellen ausdr\u00fccklich fest, dass wir keinerlei Einfluss auf die Gestaltung und die Inhalte der verlinkten Seiten haben und \u00fcbernehmen daher auch keine Haftung f\u00fcr diese Seiten inkl. ihrer Unterseiten. Wir stellen weiters fest, dass wir uns durch die Linksetzung zu diesen Seiten ihre Inhalte nicht zu Eigen machen. Diese Erkl\u00e4rung gilt f\u00fcr alle Links, die den Vorarlberger Bildungsservers verlassen und und f\u00fcr alle Inhalte der Seiten ausserhalb des Servers, zu denen Links oder Banner f\u00fchren.<br>Falls wir auf Seiten verlinken, deren Inhalt Anlass zur Beanstandung gibt, bitten wir um Mitteilung.<br>Die von den Benutzerinnen und Benutzern in den Diskussionsforen&nbsp;publizierten Beitr\u00e4ge liegen nicht in der Verantwortung der Redaktion oder des Webmasters und m\u00fcssen nicht die Meinung des Betreibers widerspiegeln.&nbsp;<\/p>\n","protected":false},"excerpt":{"rendered":"<p>VOBS Vorarlberger Bildungsservice Bildungsdirektion f\u00fcr VorarlbergAbteilung Pr\u00e4s\/1 \u2013 Referat IKT ManagementR\u00f6merstra\u00dfe 14A &#8211; 6900 Bregenz Web-Adresse:\u00a0https:\/\/download.vobs.at Webmaster\u00a0Kuno SandholzerE-Mail:\u00a0Layout,\u00a0Programmierung, ContentLukas Franz (Gesamtleitung, Layout, IT-Support, Content)Kuno Sandholzer (Layout, Datenbank-Programmierung, Server-Wartung) Mit freundlicher Unterst\u00fctzung von:Server HousingVTG &#8211; Vorarlberger Informatik- und Telekommunikationsdienstleistungsgesellschaft mbHA-6900 Bregenz Weidachstra\u00dfe 6https:\/\/www.vtg.at\u00a0Logo\u00a0\u00a0Flack &amp; Oberhauser OEGMediengestaltungB\u00fcrglegasse 35A-6850 Dornbirnhttps:\/\/www.flack-oberhauser.at\/ GenderingDie Ber\u00fccksichtigung der Rechte von Frauen und M\u00e4nnern [&hellip;]<\/p>\n","protected":false},"author":2,"featured_media":0,"parent":0,"menu_order":0,"comment_status":"closed","ping_status":"closed","template":"","meta":{"footnotes":""},"class_list":["post-504","page","type-page","status-publish","hentry"],"_links":{"self":[{"href":"https:\/\/download.vobs.at\/index.php?rest_route=\/wp\/v2\/pages\/504","targetHints":{"allow":["GET"]}}],"collection":[{"href":"https:\/\/download.vobs.at\/index.php?rest_route=\/wp\/v2\/pages"}],"about":[{"href":"https:\/\/download.vobs.at\/index.php?rest_route=\/wp\/v2\/types\/page"}],"author":[{"embeddable":true,"href":"https:\/\/download.vobs.at\/index.php?rest_route=\/wp\/v2\/users\/2"}],"replies":[{"embeddable":true,"href":"https:\/\/download.vobs.at\/index.php?rest_route=%2Fwp%2Fv2%2Fcomments&post=504"}],"version-history":[{"count":11,"href":"https:\/\/download.vobs.at\/index.php?rest_route=\/wp\/v2\/pages\/504\/revisions"}],"predecessor-version":[{"id":2627,"href":"https:\/\/download.vobs.at\/index.php?rest_route=\/wp\/v2\/pages\/504\/revisions\/2627"}],"wp:attachment":[{"href":"https:\/\/download.vobs.at\/index.php?rest_route=%2Fwp%2Fv2%2Fmedia&parent=504"}],"curies":[{"name":"wp","href":"https:\/\/api.w.org\/{rel}","templated":true}]}}